{"id":1719,"date":"2023-10-11T10:29:35","date_gmt":"2023-10-11T12:29:35","guid":{"rendered":"https:\/\/monastic.lt\/produktas\/sielos-spa\/"},"modified":"2026-03-13T10:00:21","modified_gmt":"2026-03-13T12:00:21","slug":"sielos-spa","status":"publish","type":"product","link":"https:\/\/monastic.lt\/en\/produktas\/sielos-spa\/","title":{"rendered":"Sielos SPA &#8211; nakvyn\u0117 ir degustacija dviems"},"content":{"rendered":"<p>Nakvyn\u0117 dviems istoriniame, asketi\u0161kame standartiniame kambaryje<\/p>\n<p>3-j\u0173 patiekal\u0173 A la Carte pusry\u010diai dviems<\/p>\n<p>4-i\u0173 patiekal\u0173 degustacija dviems \u012f Michelin guide s\u0105ra\u0161\u0105 \u012ftrauktame restorane<\/p>\n<p>Laikas su literat\u016bra<\/p>\n<p>V\u0117lyvas i\u0161vykimas (esant galimybei)<\/p>\n<p>Pasi\u016blymas galioja 2 asm. visomis savait\u0117s dienomis<\/p>\n<p>&nbsp;<\/p>\n<p>Dovan\u0173 kuponas galioja 3 m\u0117n. Galimas prat\u0119simas u\u017e papildom\u0105 mokest\u012f.<\/p>\n<p>Informacija teikiama +37065595185<\/p>\n","protected":false},"excerpt":{"rendered":"<p><strong>Harmoningas poilsis ir laikas sau vertinantiems gastronominius atradimus ir balans\u0105 tarp istorin\u0117s atminties bei \u0161iuolaiki\u0161ko komforto<\/strong><\/p>\n","protected":false},"featured_media":1704,"comment_status":"open","ping_status":"closed","template":"","meta":{"inline_featured_image":false},"_links":{"self":[{"href":"https:\/\/monastic.lt\/en\/wp-json\/wp\/v2\/product\/1719"}],"collection":[{"href":"https:\/\/monastic.lt\/en\/wp-json\/wp\/v2\/product"}],"about":[{"href":"https:\/\/monastic.lt\/en\/wp-json\/wp\/v2\/types\/product"}],"replies":[{"embeddable":true,"href":"https:\/\/monastic.lt\/en\/wp-json\/wp\/v2\/comments?post=1719"}],"wp:featuredmedia":[{"embeddable":true,"href":"https:\/\/monastic.lt\/en\/wp-json\/wp\/v2\/media\/1704"}],"wp:attachment":[{"href":"https:\/\/monastic.lt\/en\/wp-json\/wp\/v2\/media?parent=1719"}],"curies":[{"name":"wp","href":"https:\/\/api.w.org\/{rel}","templated":true}]}}